{"id":2968,"date":"2016-11-08T21:50:12","date_gmt":"2016-11-08T21:50:12","guid":{"rendered":"http:\/\/blog.cwf-fcf.org\/?page_id=2968"},"modified":"2024-10-08T20:05:50","modified_gmt":"2024-10-08T20:05:50","slug":"a-propos-de-nous","status":"publish","type":"page","link":"https:\/\/blog.cwf-fcf.org\/index.php\/fr\/a-propos-de-nous\/","title":{"rendered":"La F\u00e9d\u00e9ration canadienne de la faune"},"content":{"rendered":"<h2>La mission de la F\u00e9d\u00e9ration canadienne de la faune consiste \u00e0 veiller \u00e0 la conservation \u2013 et \u00e0 transmettre cette volont\u00e9 de conservation \u2013 de la faune, de la flore et des milieux naturels du Canada, pour l\u2019usage et le plaisir de tous.<\/h2>\n<p>Chaque ann\u00e9e, la FCF interagit avec plus de 575\u00a0000 personnes et en joint plus de deux millions et demi. D&#8217;un oc\u00e9an \u00e0 l&#8217;autre, ces gens s&#8217;associent \u00e0 nous pour favoriser le maintien de quelque chose de tr\u00e8s important\u00a0: un avenir radieux pour la faune du Canada.<\/p>\n<p>La F\u00e9d\u00e9ration canadienne de la faune croit qu&#8217;il faut assurer la conservation de la faune du Canada et encourage une utilisation judicieuse de nos ressources naturelles. Nous pr\u00f4nons un mode de vie durable au b\u00e9n\u00e9fice des g\u00e9n\u00e9rations futures. Les Canadiens devraient \u00eatre en mesure de profiter du plein air et de tout ce qu\u2019il a \u00e0 offrir par des activit\u00e9s comme le jardinage, la randonn\u00e9e, la p\u00eache, le cano\u00eb-kayak, le camping, l\u2019observation des oiseaux, la natation, la photographie animali\u00e8re et bien d\u2019autres encore.<\/p>\n<p>Depuis notre cr\u00e9ation en 1962, nous travaillons avec diligence \u00e0 la promotion de ce mode de vie canadien. Nous offrons des programmes qui encouragent le public \u00e0 d\u00e9couvrir la nature, ses merveilles et les probl\u00e8mes qu&#8217;elle subit. Nous exhortons \u00e9galement le gouvernement et divers secteurs industriels \u00e0 am\u00e9liorer la l\u00e9gislation et les pratiques qui ont des r\u00e9percussions n\u00e9gatives sur la faune et ses habitats. Nous menons et soutenons des travaux de recherche scientifique afin de mieux comprendre comment nous pouvons aider la faune.<\/p>\n<h3>Ce que nous faisons :<\/h3>\n<p><a href=\"http:\/\/cwf-fcf.org\/fr\/notre-travail\/oceans\/\"><img loading=\"lazy\" decoding=\"async\" class=\"aligncenter size-full wp-image-2970\" src=\"https:\/\/blog.cwf-fcf.org\/wp-content\/uploads\/2016\/11\/cotes-oceans.png\" alt=\"C\u00f4tes et oc\u00e9ans\" width=\"1152\" height=\"648\" srcset=\"https:\/\/blog.cwf-fcf.org\/wp-content\/uploads\/2016\/11\/cotes-oceans.png 1152w, https:\/\/blog.cwf-fcf.org\/wp-content\/uploads\/2016\/11\/cotes-oceans-640x360.png 640w, https:\/\/blog.cwf-fcf.org\/wp-content\/uploads\/2016\/11\/cotes-oceans-768x432.png 768w, https:\/\/blog.cwf-fcf.org\/wp-content\/uploads\/2016\/11\/cotes-oceans-1100x619.png 1100w, https:\/\/blog.cwf-fcf.org\/wp-content\/uploads\/2016\/11\/cotes-oceans-530x298.png 530w\" sizes=\"auto, (max-width: 1152px) 100vw, 1152px\" \/><\/a><\/p>\n<p><a href=\"http:\/\/cwf-fcf.org\/fr\/notre-travail\/forets-et-champs\/\"><img loading=\"lazy\" decoding=\"async\" class=\"aligncenter size-full wp-image-2971\" src=\"https:\/\/blog.cwf-fcf.org\/wp-content\/uploads\/2016\/11\/champs-forets.png\" alt=\"For\u00eats et champs\" width=\"1152\" height=\"648\" srcset=\"https:\/\/blog.cwf-fcf.org\/wp-content\/uploads\/2016\/11\/champs-forets.png 1152w, https:\/\/blog.cwf-fcf.org\/wp-content\/uploads\/2016\/11\/champs-forets-640x360.png 640w, https:\/\/blog.cwf-fcf.org\/wp-content\/uploads\/2016\/11\/champs-forets-768x432.png 768w, https:\/\/blog.cwf-fcf.org\/wp-content\/uploads\/2016\/11\/champs-forets-1100x619.png 1100w, https:\/\/blog.cwf-fcf.org\/wp-content\/uploads\/2016\/11\/champs-forets-530x298.png 530w\" sizes=\"auto, (max-width: 1152px) 100vw, 1152px\" \/><\/a><\/p>\n<p><a href=\"http:\/\/cwf-fcf.org\/fr\/notre-travail\/lacs-rivieres\/\"><img loading=\"lazy\" decoding=\"async\" class=\"aligncenter size-full wp-image-2972\" src=\"https:\/\/blog.cwf-fcf.org\/wp-content\/uploads\/2016\/11\/lacs-cours-deau.png\" alt=\"Lacs et cours d\u2019eau\" width=\"1152\" height=\"648\" srcset=\"https:\/\/blog.cwf-fcf.org\/wp-content\/uploads\/2016\/11\/lacs-cours-deau.png 1152w, https:\/\/blog.cwf-fcf.org\/wp-content\/uploads\/2016\/11\/lacs-cours-deau-640x360.png 640w, https:\/\/blog.cwf-fcf.org\/wp-content\/uploads\/2016\/11\/lacs-cours-deau-768x432.png 768w, https:\/\/blog.cwf-fcf.org\/wp-content\/uploads\/2016\/11\/lacs-cours-deau-1100x619.png 1100w, https:\/\/blog.cwf-fcf.org\/wp-content\/uploads\/2016\/11\/lacs-cours-deau-530x298.png 530w\" sizes=\"auto, (max-width: 1152px) 100vw, 1152px\" \/><\/a><\/p>\n<p><a href=\"http:\/\/cwf-fcf.org\/fr\/notre-travail\/espces-en-peril\/\"><img loading=\"lazy\" decoding=\"async\" class=\"aligncenter size-full wp-image-2973\" src=\"https:\/\/blog.cwf-fcf.org\/wp-content\/uploads\/2016\/11\/especes-en-peril.png\" alt=\"Esp\u00e8ces en p\u00e9ril\" width=\"1152\" height=\"648\" srcset=\"https:\/\/blog.cwf-fcf.org\/wp-content\/uploads\/2016\/11\/especes-en-peril.png 1152w, https:\/\/blog.cwf-fcf.org\/wp-content\/uploads\/2016\/11\/especes-en-peril-640x360.png 640w, https:\/\/blog.cwf-fcf.org\/wp-content\/uploads\/2016\/11\/especes-en-peril-768x432.png 768w, https:\/\/blog.cwf-fcf.org\/wp-content\/uploads\/2016\/11\/especes-en-peril-1100x619.png 1100w, https:\/\/blog.cwf-fcf.org\/wp-content\/uploads\/2016\/11\/especes-en-peril-530x298.png 530w\" sizes=\"auto, (max-width: 1152px) 100vw, 1152px\" \/><\/a><a href=\"http:\/\/cwf-fcf.org\/fr\/notre-travail\/decouvrez-la-faune\"><img loading=\"lazy\" decoding=\"async\" class=\"aligncenter size-full wp-image-2974\" src=\"https:\/\/blog.cwf-fcf.org\/wp-content\/uploads\/2016\/11\/contact-avec-nature.png\" alt=\"Le contact avec la nature\" width=\"1152\" height=\"648\" srcset=\"https:\/\/blog.cwf-fcf.org\/wp-content\/uploads\/2016\/11\/contact-avec-nature.png 1152w, https:\/\/blog.cwf-fcf.org\/wp-content\/uploads\/2016\/11\/contact-avec-nature-640x360.png 640w, https:\/\/blog.cwf-fcf.org\/wp-content\/uploads\/2016\/11\/contact-avec-nature-768x432.png 768w, https:\/\/blog.cwf-fcf.org\/wp-content\/uploads\/2016\/11\/contact-avec-nature-1100x619.png 1100w, https:\/\/blog.cwf-fcf.org\/wp-content\/uploads\/2016\/11\/contact-avec-nature-530x298.png 530w\" sizes=\"auto, (max-width: 1152px) 100vw, 1152px\" \/><\/a><\/p>\n<p><a href=\"http:\/\/cwf-fcf.org\/fr\/notre-travail\/education\"><img loading=\"lazy\" decoding=\"async\" class=\"aligncenter size-full wp-image-2975\" src=\"https:\/\/blog.cwf-fcf.org\/wp-content\/uploads\/2016\/11\/education_fr.png\" alt=\"\u00c9ducation\" width=\"1152\" height=\"648\" srcset=\"https:\/\/blog.cwf-fcf.org\/wp-content\/uploads\/2016\/11\/education_fr.png 1152w, https:\/\/blog.cwf-fcf.org\/wp-content\/uploads\/2016\/11\/education_fr-640x360.png 640w, https:\/\/blog.cwf-fcf.org\/wp-content\/uploads\/2016\/11\/education_fr-768x432.png 768w, https:\/\/blog.cwf-fcf.org\/wp-content\/uploads\/2016\/11\/education_fr-1100x619.png 1100w, https:\/\/blog.cwf-fcf.org\/wp-content\/uploads\/2016\/11\/education_fr-530x298.png 530w\" sizes=\"auto, (max-width: 1152px) 100vw, 1152px\" \/><\/a><\/p>\n","protected":false},"excerpt":{"rendered":"<div class=\"post-excerpt\">La mission de la F\u00e9d\u00e9ration canadienne de la faune consiste \u00e0 veiller \u00e0 la conservation \u2013 et \u00e0 transmettre cette volont\u00e9 de conservation \u2013 de la faune, de la flore&hellip;<\/div>\n","protected":false},"author":1,"featured_media":4303,"parent":0,"menu_order":0,"comment_status":"closed","ping_status":"closed","template":"","meta":{"_exactmetrics_skip_tracking":false,"_exactmetrics_sitenote_active":false,"_exactmetrics_sitenote_note":"","_exactmetrics_sitenote_category":0,"footnotes":""},"class_list":["post-2968","page","type-page","status-publish","has-post-thumbnail","hentry"],"_links":{"self":[{"href":"https:\/\/blog.cwf-fcf.org\/index.php\/wp-json\/wp\/v2\/pages\/2968","targetHints":{"allow":["GET"]}}],"collection":[{"href":"https:\/\/blog.cwf-fcf.org\/index.php\/wp-json\/wp\/v2\/pages"}],"about":[{"href":"https:\/\/blog.cwf-fcf.org\/index.php\/wp-json\/wp\/v2\/types\/page"}],"author":[{"embeddable":true,"href":"https:\/\/blog.cwf-fcf.org\/index.php\/wp-json\/wp\/v2\/users\/1"}],"replies":[{"embeddable":true,"href":"https:\/\/blog.cwf-fcf.org\/index.php\/wp-json\/wp\/v2\/comments?post=2968"}],"version-history":[{"count":5,"href":"https:\/\/blog.cwf-fcf.org\/index.php\/wp-json\/wp\/v2\/pages\/2968\/revisions"}],"predecessor-version":[{"id":4304,"href":"https:\/\/blog.cwf-fcf.org\/index.php\/wp-json\/wp\/v2\/pages\/2968\/revisions\/4304"}],"wp:featuredmedia":[{"embeddable":true,"href":"https:\/\/blog.cwf-fcf.org\/index.php\/wp-json\/wp\/v2\/media\/4303"}],"wp:attachment":[{"href":"https:\/\/blog.cwf-fcf.org\/index.php\/wp-json\/wp\/v2\/media?parent=2968"}],"curies":[{"name":"wp","href":"https:\/\/api.w.org\/{rel}","templated":true}]}}